{"id":7,"date":"2017-06-06T13:39:47","date_gmt":"2017-06-06T11:39:47","guid":{"rendered":"http:\/\/citedeladanse87.fr\/?page_id=7"},"modified":"2025-09-02T14:05:46","modified_gmt":"2025-09-02T12:05:46","slug":"accueil","status":"publish","type":"page","link":"http:\/\/citedeladanse87.fr\/","title":{"rendered":"Accueil"},"content":{"rendered":"<p>[vc_row margin_top=\u00a0\u00bb-40px\u00a0\u00bb margin_bottom=\u00a0\u00bb32&Prime; bg_type=\u00a0\u00bbbg_color\u00a0\u00bb bg_override=\u00a0\u00bbex-full\u00a0\u00bb css=\u00a0\u00bb.vc_custom_1661760585086{margin-bottom: 32px !important;}\u00a0\u00bb][vc_column]<style type=\"text\/css\" data-type=\"the7_shortcodes-inline-css\">.blog-shortcode.blog-masonry-shortcode-id-f2cc20deeeba2651040b995e0c4a4485.bottom-overlap-layout-list .post-entry-content {\n  margin-top: -100px;\n  width: 75%;\n}\n.blog-shortcode.blog-masonry-shortcode-id-f2cc20deeeba2651040b995e0c4a4485.bottom-overlap-layout-list:not(.mode-list) .no-img .post-entry-content {\n  margin-top: 0;\n  width: 100%;\n}\n.blog-shortcode.blog-masonry-shortcode-id-f2cc20deeeba2651040b995e0c4a4485.bottom-overlap-layout-list.mode-list .no-img .post-entry-content {\n  margin-top: 0;\n}\n.blog-shortcode.blog-masonry-shortcode-id-f2cc20deeeba2651040b995e0c4a4485 .filter-bg-decoration .filter-categories a.act {\n  color: #fff;\n}\n.blog-shortcode.blog-masonry-shortcode-id-f2cc20deeeba2651040b995e0c4a4485:not(.mode-masonry) article {\n  margin-top: ;\n}\n.blog-shortcode.blog-masonry-shortcode-id-f2cc20deeeba2651040b995e0c4a4485:not(.mode-masonry) article:first-of-type,\n.blog-shortcode.blog-masonry-shortcode-id-f2cc20deeeba2651040b995e0c4a4485:not(.mode-masonry) article.visible.first:not(.product) {\n  margin-top: 0;\n}\n.blog-shortcode.blog-masonry-shortcode-id-f2cc20deeeba2651040b995e0c4a4485.dividers-on:not(.mode-masonry) article {\n  margin-top: 0;\n  padding-top: ;\n}\n.blog-shortcode.blog-masonry-shortcode-id-f2cc20deeeba2651040b995e0c4a4485.dividers-on:not(.mode-masonry) article:first-of-type,\n.blog-shortcode.blog-masonry-shortcode-id-f2cc20deeeba2651040b995e0c4a4485.dividers-on:not(.mode-masonry) article.visible.first:not(.product) {\n  margin-top: 0;\n  padding-top: 0;\n}\n.blog-shortcode.blog-masonry-shortcode-id-f2cc20deeeba2651040b995e0c4a4485 .post-thumbnail-wrap {\n  padding: 0px 0px 0px 0px;\n}\n.blog-shortcode.blog-masonry-shortcode-id-f2cc20deeeba2651040b995e0c4a4485.enable-bg-rollover .post-thumbnail-rollover:after {\n  background: ;\n  background: -webkit-linear-gradient();\n  background: linear-gradient();\n}\n.blog-shortcode.blog-masonry-shortcode-id-f2cc20deeeba2651040b995e0c4a4485 .gallery-zoom-ico {\n  width: 44px;\n  height: 44px;\n  line-height: 44px;\n  border-radius: 100px;\n  margin: -22px 0 0 -22px;\n  border-width: 0px;\n  color: #ffffff;\n}\n.bottom-overlap-layout-list.blog-shortcode.blog-masonry-shortcode-id-f2cc20deeeba2651040b995e0c4a4485 .gallery-zoom-ico {\n  margin-top: -72px;\n}\n.gradient-overlay-layout-list.blog-shortcode.blog-masonry-shortcode-id-f2cc20deeeba2651040b995e0c4a4485 .gallery-zoom-ico,\n.content-rollover-layout-list.blog-shortcode.blog-masonry-shortcode-id-f2cc20deeeba2651040b995e0c4a4485 .gallery-zoom-ico {\n  margin: 0 0 10px;\n}\n.content-align-center.gradient-overlay-layout-list.blog-shortcode.blog-masonry-shortcode-id-f2cc20deeeba2651040b995e0c4a4485 .gallery-zoom-ico,\n.content-align-center.content-rollover-layout-list.blog-shortcode.blog-masonry-shortcode-id-f2cc20deeeba2651040b995e0c4a4485 .gallery-zoom-ico {\n  margin: 0 auto 10px;\n}\n.dt-icon-bg-on.blog-shortcode.blog-masonry-shortcode-id-f2cc20deeeba2651040b995e0c4a4485 .gallery-zoom-ico {\n  background: rgba(255,255,255,0.3);\n  box-shadow: none;\n}\n.blog-shortcode.blog-masonry-shortcode-id-f2cc20deeeba2651040b995e0c4a4485 .gallery-zoom-ico > span,\n.blog-shortcode.blog-masonry-shortcode-id-f2cc20deeeba2651040b995e0c4a4485 .gallery-zoom-ico:before {\n  font-size: 32px;\n  line-height: 44px;\n}\n.blog-shortcode.blog-masonry-shortcode-id-f2cc20deeeba2651040b995e0c4a4485 .gallery-zoom-ico > span,\n.blog-shortcode.blog-masonry-shortcode-id-f2cc20deeeba2651040b995e0c4a4485 .gallery-zoom-ico:before {\n  color: #ffffff;\n}\n.blog-shortcode.blog-masonry-shortcode-id-f2cc20deeeba2651040b995e0c4a4485 .entry-title,\n.blog-shortcode.blog-masonry-shortcode-id-f2cc20deeeba2651040b995e0c4a4485.owl-carousel .entry-title {\n  margin-bottom: 5px;\n  font-size: 0px;\n  line-height: 0px;\n}\n.blog-shortcode.blog-masonry-shortcode-id-f2cc20deeeba2651040b995e0c4a4485 .entry-title a,\n.blog-shortcode.blog-masonry-shortcode-id-f2cc20deeeba2651040b995e0c4a4485.owl-carousel .entry-title a {\n  color: rgba(0,0,0,0.01);\n}\n.blog-shortcode.blog-masonry-shortcode-id-f2cc20deeeba2651040b995e0c4a4485 .entry-meta {\n  margin-bottom: 15px;\n}\n.blog-shortcode.blog-masonry-shortcode-id-f2cc20deeeba2651040b995e0c4a4485 .portfolio-categories {\n  margin-bottom: 15px;\n}\n.blog-shortcode.blog-masonry-shortcode-id-f2cc20deeeba2651040b995e0c4a4485 .entry-excerpt {\n  margin-bottom: 5px;\n  font-size: 24px;\n}\n.blog-shortcode.blog-masonry-shortcode-id-f2cc20deeeba2651040b995e0c4a4485 .entry-excerpt * {\n  color: #04a5b9;\n}\n.blog-shortcode.blog-masonry-shortcode-id-f2cc20deeeba2651040b995e0c4a4485:not(.centered-layout-list) .post-entry-content {\n  padding: 25px 30px 30px 30px;\n}\n.blog-shortcode.blog-masonry-shortcode-id-f2cc20deeeba2651040b995e0c4a4485:not(.centered-layout-list):not(.content-bg-on):not(.mode-list) .no-img .post-entry-content {\n  padding: 0;\n}\n.blog-shortcode.blog-masonry-shortcode-id-f2cc20deeeba2651040b995e0c4a4485.content-bg-on:not(.classic-layout-list):not(.centered-layout-list) .post-entry-content {\n  background: #ffffff;\n  box-shadow: none;\n}\n.blog-shortcode.blog-masonry-shortcode-id-f2cc20deeeba2651040b995e0c4a4485 .post-details.details-type-link,\n.blog-shortcode.blog-masonry-shortcode-id-f2cc20deeeba2651040b995e0c4a4485 .post-details.details-type-link * {\n  color: rgba(0,0,0,0.01);\n}\n@media screen and (max-width: ) {\n  .blog-shortcode.blog-masonry-shortcode-id-f2cc20deeeba2651040b995e0c4a4485 article {\n    -ms-flex-flow: column nowrap;\n    flex-flow: column nowrap;\n    margin-top: 20px;\n  }\n  .blog-shortcode.blog-masonry-shortcode-id-f2cc20deeeba2651040b995e0c4a4485.dividers-on article {\n    border: none;\n  }\n  .blog-shortcode.blog-masonry-shortcode-id-f2cc20deeeba2651040b995e0c4a4485.content-bg-on.centered-layout-list article {\n    padding: 0;\n  }\n  .blog-shortcode.blog-masonry-shortcode-id-f2cc20deeeba2651040b995e0c4a4485.blog-shortcode.dividers-on article,\n  .blog-shortcode.blog-masonry-shortcode-id-f2cc20deeeba2651040b995e0c4a4485.dividers-on.classic-layout-list article {\n    margin-top: 20px;\n    padding: 0;\n  }\n  .blog-shortcode.blog-masonry-shortcode-id-f2cc20deeeba2651040b995e0c4a4485.blog-shortcode.dividers-on article:first-of-type,\n  .blog-shortcode.blog-masonry-shortcode-id-f2cc20deeeba2651040b995e0c4a4485.dividers-on.classic-layout-list article:first-of-type {\n    padding: 0;\n  }\n  #page .blog-shortcode.blog-masonry-shortcode-id-f2cc20deeeba2651040b995e0c4a4485 .post-thumbnail-wrap,\n  #page .blog-shortcode.blog-masonry-shortcode-id-f2cc20deeeba2651040b995e0c4a4485 .post-entry-content {\n    width: 100%;\n    margin: 0;\n    top: 0;\n  }\n  #page .blog-shortcode.blog-masonry-shortcode-id-f2cc20deeeba2651040b995e0c4a4485 .post-thumbnail-wrap {\n    padding: 0;\n  }\n  #page .blog-shortcode.blog-masonry-shortcode-id-f2cc20deeeba2651040b995e0c4a4485 .post-entry-content:after {\n    display: none;\n  }\n  #page .blog-shortcode.blog-masonry-shortcode-id-f2cc20deeeba2651040b995e0c4a4485 .project-even .post-thumbnail-wrap,\n  #page .blog-shortcode.blog-masonry-shortcode-id-f2cc20deeeba2651040b995e0c4a4485.centered-layout-list .post-thumbnail-wrap {\n    -ms-flex-order: 0;\n    order: 0;\n  }\n  #page .blog-shortcode.blog-masonry-shortcode-id-f2cc20deeeba2651040b995e0c4a4485.centered-layout-list .post-entry-title-content {\n    -ms-flex-order: 1;\n    order: 1;\n    width: 100%;\n    padding: 20px 20px 0;\n  }\n  #page .blog-shortcode.blog-masonry-shortcode-id-f2cc20deeeba2651040b995e0c4a4485.centered-layout-list .post-entry-content {\n    -ms-flex-order: 2;\n    order: 2;\n    padding-top: 0;\n  }\n  #page .blog-shortcode.blog-masonry-shortcode-id-f2cc20deeeba2651040b995e0c4a4485 .fancy-categories {\n    top: 10px;\n    left: 10px;\n    bottom: auto;\n    right: auto;\n  }\n  #page .blog-shortcode.blog-masonry-shortcode-id-f2cc20deeeba2651040b995e0c4a4485 .fancy-date a {\n    top: 10px;\n    right: 10px;\n    left: auto;\n    bottom: auto;\n  }\n  #page .blog-shortcode.blog-masonry-shortcode-id-f2cc20deeeba2651040b995e0c4a4485 .post-entry-content {\n    padding: 20px;\n  }\n  #page .blog-shortcode.blog-masonry-shortcode-id-f2cc20deeeba2651040b995e0c4a4485 .entry-title {\n    margin: 3px 0 5px;\n    font-size: 20px;\n    font-size: 0px;\n    line-height: 26px;\n    line-height: 0px;\n  }\n  #page .blog-shortcode.blog-masonry-shortcode-id-f2cc20deeeba2651040b995e0c4a4485 .entry-meta {\n    margin: 5px 0 5px;\n  }\n  #page .blog-shortcode.blog-masonry-shortcode-id-f2cc20deeeba2651040b995e0c4a4485 .entry-excerpt {\n    margin: 15px 0 0;\n  }\n  #page .blog-shortcode.blog-masonry-shortcode-id-f2cc20deeeba2651040b995e0c4a4485 .post-details {\n    margin: 5px 0 10px;\n  }\n  #page .blog-shortcode.blog-masonry-shortcode-id-f2cc20deeeba2651040b995e0c4a4485 .post-details.details-type-link {\n    margin-bottom: 2px;\n  }\n}\n.blog-shortcode.blog-masonry-shortcode-id-f2cc20deeeba2651040b995e0c4a4485:not(.resize-by-browser-width) .dt-css-grid {\n  grid-row-gap: 30px;\n  grid-column-gap: 30px;\n  grid-template-columns: repeat(auto-fill,minmax(,1fr));\n}\n.blog-shortcode.blog-masonry-shortcode-id-f2cc20deeeba2651040b995e0c4a4485:not(.resize-by-browser-width) .dt-css-grid .double-width {\n  grid-column: span 2;\n}\n.cssgridlegacy.no-cssgrid .blog-shortcode.blog-masonry-shortcode-id-f2cc20deeeba2651040b995e0c4a4485:not(.resize-by-browser-width) .dt-css-grid,\n.no-cssgridlegacy.no-cssgrid .blog-shortcode.blog-masonry-shortcode-id-f2cc20deeeba2651040b995e0c4a4485:not(.resize-by-browser-width) .dt-css-grid {\n  display: flex;\n  flex-flow: row wrap;\n  margin: -15px;\n}\n.cssgridlegacy.no-cssgrid .blog-shortcode.blog-masonry-shortcode-id-f2cc20deeeba2651040b995e0c4a4485:not(.resize-by-browser-width) .dt-css-grid .wf-cell,\n.no-cssgridlegacy.no-cssgrid .blog-shortcode.blog-masonry-shortcode-id-f2cc20deeeba2651040b995e0c4a4485:not(.resize-by-browser-width) .dt-css-grid .wf-cell {\n  flex: 1 0 ;\n  min-width: ;\n  max-width: 100%;\n  padding: 15px;\n  box-sizing: border-box;\n}\n.blog-shortcode.blog-masonry-shortcode-id-f2cc20deeeba2651040b995e0c4a4485.resize-by-browser-width .dt-css-grid {\n  grid-template-columns: repeat(1,1fr);\n  grid-template-rows: auto;\n  grid-column-gap: 30px;\n  grid-row-gap: 30px;\n}\n.blog-shortcode.blog-masonry-shortcode-id-f2cc20deeeba2651040b995e0c4a4485.resize-by-browser-width .dt-css-grid .double-width {\n  grid-column: span 2;\n}\n.cssgridlegacy.no-cssgrid .blog-shortcode.blog-masonry-shortcode-id-f2cc20deeeba2651040b995e0c4a4485.resize-by-browser-width .dt-css-grid {\n  margin: -15px;\n}\n.cssgridlegacy.no-cssgrid .blog-shortcode.blog-masonry-shortcode-id-f2cc20deeeba2651040b995e0c4a4485.resize-by-browser-width .dt-css-grid .wf-cell {\n  width: 100%;\n  padding: 15px;\n}\n.cssgridlegacy.no-cssgrid .blog-shortcode.blog-masonry-shortcode-id-f2cc20deeeba2651040b995e0c4a4485.resize-by-browser-width .dt-css-grid .wf-cell.double-width {\n  width: calc(100%) * 2;\n}\n.blog-shortcode.blog-masonry-shortcode-id-f2cc20deeeba2651040b995e0c4a4485.resize-by-browser-width:not(.centered-layout-list):not(.content-bg-on) .dt-css-grid {\n  grid-row-gap: 0px;\n}\n@media screen and (max-width: 1199px) {\n  .blog-shortcode.blog-masonry-shortcode-id-f2cc20deeeba2651040b995e0c4a4485.resize-by-browser-width .dt-css-grid {\n    grid-template-columns: repeat(1,1fr);\n  }\n  .cssgridlegacy.no-cssgrid .blog-shortcode.blog-masonry-shortcode-id-f2cc20deeeba2651040b995e0c4a4485.resize-by-browser-width .dt-css-grid .wf-cell,\n  .no-cssgridlegacy.no-cssgrid .blog-shortcode.blog-masonry-shortcode-id-f2cc20deeeba2651040b995e0c4a4485.resize-by-browser-width .dt-css-grid .wf-cell {\n    width: 100%;\n  }\n  .cssgridlegacy.no-cssgrid .blog-shortcode.blog-masonry-shortcode-id-f2cc20deeeba2651040b995e0c4a4485.resize-by-browser-width .dt-css-grid .wf-cell.double-width,\n  .no-cssgridlegacy.no-cssgrid .blog-shortcode.blog-masonry-shortcode-id-f2cc20deeeba2651040b995e0c4a4485.resize-by-browser-width .dt-css-grid .wf-cell.double-width {\n    width: calc(100%)*2;\n  }\n}\n@media screen and (max-width: 991px) {\n  .blog-shortcode.blog-masonry-shortcode-id-f2cc20deeeba2651040b995e0c4a4485.resize-by-browser-width .dt-css-grid {\n    grid-template-columns: repeat(1,1fr);\n  }\n  .cssgridlegacy.no-cssgrid .blog-shortcode.blog-masonry-shortcode-id-f2cc20deeeba2651040b995e0c4a4485.resize-by-browser-width .dt-css-grid .wf-cell,\n  .no-cssgridlegacy.no-cssgrid .blog-shortcode.blog-masonry-shortcode-id-f2cc20deeeba2651040b995e0c4a4485.resize-by-browser-width .dt-css-grid .wf-cell {\n    width: 100%;\n  }\n  .cssgridlegacy.no-cssgrid .blog-shortcode.blog-masonry-shortcode-id-f2cc20deeeba2651040b995e0c4a4485.resize-by-browser-width .dt-css-grid .wf-cell.double-width,\n  .no-cssgridlegacy.no-cssgrid .blog-shortcode.blog-masonry-shortcode-id-f2cc20deeeba2651040b995e0c4a4485.resize-by-browser-width .dt-css-grid .wf-cell.double-width {\n    width: calc(100%)*2;\n  }\n}\n@media screen and (max-width: 767px) {\n  .blog-shortcode.blog-masonry-shortcode-id-f2cc20deeeba2651040b995e0c4a4485.resize-by-browser-width .dt-css-grid {\n    grid-template-columns: repeat(1,1fr);\n  }\n  .cssgridlegacy.no-cssgrid .blog-shortcode.blog-masonry-shortcode-id-f2cc20deeeba2651040b995e0c4a4485.resize-by-browser-width .dt-css-grid .wf-cell,\n  .no-cssgridlegacy.no-cssgrid .blog-shortcode.blog-masonry-shortcode-id-f2cc20deeeba2651040b995e0c4a4485.resize-by-browser-width .dt-css-grid .wf-cell {\n    width: 100%;\n  }\n  .cssgridlegacy.no-cssgrid .blog-shortcode.blog-masonry-shortcode-id-f2cc20deeeba2651040b995e0c4a4485.resize-by-browser-width .dt-css-grid .wf-cell.double-width,\n  .no-cssgridlegacy.no-cssgrid .blog-shortcode.blog-masonry-shortcode-id-f2cc20deeeba2651040b995e0c4a4485.resize-by-browser-width .dt-css-grid .wf-cell.double-width {\n    width: calc(100%)*2;\n  }\n}\n<\/style><div class=\"blog-shortcode blog-masonry-shortcode-id-f2cc20deeeba2651040b995e0c4a4485 mode-grid bottom-overlap-layout-list content-bg-on jquery-filter scale-img meta-info-off dt-css-grid-wrap dt-icon-bg-off resize-by-browser-width loading-effect-none description-under-image \" data-padding=\"15px\" data-cur-page=\"1\" data-post-limit=\"-1\" data-pagination-mode=\"none\" data-desktop-columns-num=\"1\" data-v-tablet-columns-num=\"1\" data-h-tablet-columns-num=\"1\" data-phone-columns-num=\"1\" data-width=\"0px\" data-columns=\"0\"><div class=\"dt-css-grid\" ><div class=\"visible wf-cell\" data-post-id=\"67\" data-date=\"2017-07-06T14:12:17+02:00\" data-name=\"Informations de rentr\u00e9e 2025\"><article class=\"post project-odd visible post-67 type-post status-publish format-standard has-post-thumbnail hentry category-accueil category-4\" data-name=\"Informations de rentr\u00e9e 2025\" data-date=\"2017-07-06T14:12:17+02:00\">\n\n<div class=\"post-thumbnail-wrap\">\n\t<div class=\"post-thumbnail\">\n\t\t\n\t\t\n\t\t<a href=\"http:\/\/citedeladanse87.fr\/?p=67\" class=\"post-thumbnail-rollover layzr-bg layzr-bg\" ><img class=\"iso-lazy-load preload-me iso-lazy-load\" src=\"data:image\/svg+xml,%3Csvg%20xmlns%3D&#39;http%3A%2F%2Fwww.w3.org%2F2000%2Fsvg&#39;%20viewBox%3D&#39;0%200%20800%20400&#39;%2F%3E\" data-src=\"http:\/\/citedeladanse87.fr\/wp-content\/uploads\/2021\/08\/rentree2021-800x400.jpg\" data-srcset=\"http:\/\/citedeladanse87.fr\/wp-content\/uploads\/2021\/08\/rentree2021-800x400.jpg 800w\" alt=\"\" title=\"rentree2021\" width=\"800\" height=\"400\"  \/><\/a>\t<\/div>\n<\/div>\n\n\n<div class=\"post-entry-content\">\n\n\t<h3 class=\"entry-title\">\n\t\t<a href=\"http:\/\/citedeladanse87.fr\/?p=67\" title=\"Informations de rentr\u00e9e 2025\" rel=\"bookmark\">Informations de rentr\u00e9e 2025<\/a>\n\t<\/h3>\n\n\t\n\t<div class=\"entry-excerpt\"><p> Informations de rentr\u00e9e 2025<\/p>\n<\/div>\n\t\n<a href=\"http:\/\/citedeladanse87.fr\/?p=67\" class=\"dt-btn-s dt-btn post-details details-type-btn\" aria-label=\"Read more about Informations de rentr\u00e9e 2025\" rel=\"nofollow\">Lire la suite<i class=\"dt-icon-the7-arrow-03\" aria-hidden=\"true\"><\/i><\/a>\n\n<\/div><\/article><\/div><\/div><!-- iso-container|iso-grid --><\/div>[\/vc_column][\/vc_row][vc_row margin_top=\u00a0\u00bb32&Prime; margin_bottom=\u00a0\u00bb32&Prime;][vc_column width=\u00a0\u00bb1\/3&Prime;][vc_column_text]<\/p>\n<h3><a href=\"http:\/\/citedeladanse87.fr\/wp-content\/uploads\/2025\/09\/VID-20250902-WA0000.mp4\" target=\"_blank\" rel=\"noopener\">Vid\u00e9o de pr\u00e9sentation de la Cit\u00e9 de la Danse<\/a><\/h3>\n<p>[\/vc_column_text][vc_column_text]<video controls=\"controls\" width=\"300\" height=\"150\"><source src=\"http:\/\/citedeladanse87.fr\/wp-content\/uploads\/2025\/09\/VID-20250902-WA0000.mp4\" type=\"video\/mp4\" \/><\/video>[\/vc_column_text][\/vc_column][vc_column width=\u00a0\u00bb2\/3&Prime;][vc_column_text]<\/p>\n<h3>Sophie Foug\u00e8re-Darcy<\/h3>\n<p>Comme sa m\u00e8re Dominique, Sophie a tr\u00e8s t\u00f4t la passion de la danse. Apr\u00e8s plusieurs stages avec de grands professeurs et ses cours quotidiens \u00e0 Saint-Junien et \u00e0 Limoges chez Claudy Pla\u00e7ais Rocher, elle entre <span style=\"color: #04a5b9;\">en 1988<\/span> \u00e0 l&rsquo;Ecole de Formation Professionnelle Rick Odums \u00e0 Paris. Sophie va y \u00e9tudier la danse classique, moderne (Graham, Horton, Lemon) et le jazz.<\/p>\n<p><span style=\"color: #04a5b9;\">En 1992<\/span>, elle entre dans la compagnie<em><strong><span style=\"color: #04a5b9;\"> Next Generation Dance<\/span><\/strong><\/em> dirig\u00e9e par <em><span style=\"color: #04a5b9;\"><strong>Rick Odums<\/strong><\/span><\/em> (cr\u00e9ations pour le Festival International de Danse d&rsquo;Amsterdam, Spectacles \u00e0 Paris&#8230;). Parall\u00e8lement \u00e0 sa formation de danseuse, elle \u00e9tudie d&rsquo;autres disciplines essentielles telles que l&rsquo;anatomie, la physiologie, la kin\u00e9siologie, la musique, l&rsquo;histoire de la danse et surtout la p\u00e9dagogie.<\/p>\n<p>Elle obtient son monitorat de danse <span style=\"color: #04a5b9;\">en juin 1989<\/span> et son <strong><span style=\"color: #04a5b9;\">Dipl\u00f4me d&rsquo;Etat de Professeur de Danse<\/span><\/strong> (Option Jazz)<span style=\"color: #04a5b9;\"> en juin 1993<\/span>.<br \/>\nDurant quatre mois, elle fait partie du spectacle<strong><span style=\"color: #04a5b9;\"><em> C&rsquo;est magique<\/em><\/span><\/strong> \u00e0 EuroDisney.<\/p>\n<p><span style=\"color: #04a5b9;\">En septembre 1993<\/span>, elle reprend l&rsquo;\u00e9cole de danse fond\u00e9e par sa m\u00e8re \u00e0 Saint-Junien et<span style=\"color: #04a5b9;\"> en avril 1994<\/span>, afin d&rsquo;enrichir son enseignement et sa technique, elle part \u00e0 <span style=\"color: #04a5b9;\"><strong>New-York<\/strong><\/span> et prend des cours dans les plus grandes \u00e9coles telles que<em> Martha Graham&rsquo;s school, Alvin Alley<\/em> et au <em>Broadway Dance Center<\/em>.[\/vc_column_text][\/vc_column][\/vc_row][vc_row][vc_column]<section class=\"shortcode-action-box table shortcode-action-bg plain-bg\"><div class=\"text-big\"><h3>Contact<\/h3>\n<p>sophie@citedeladanse87.fr<br \/>\n05 55 02 59 22<\/p>\n<\/div><\/section>[\/vc_column][\/vc_row]<\/p>\n","protected":false},"excerpt":{"rendered":"<p>[vc_row margin_top=\u00a0\u00bb-40px\u00a0\u00bb margin_bottom=\u00a0\u00bb32&Prime; bg_type=\u00a0\u00bbbg_color\u00a0\u00bb bg_override=\u00a0\u00bbex-full\u00a0\u00bb css=\u00a0\u00bb.vc_custom_1661760585086{margin-bottom: 32px !important;}\u00a0\u00bb][vc_column][\/vc_column][\/vc_row][vc_row margin_top=\u00a0\u00bb32&Prime; margin_bottom=\u00a0\u00bb32&Prime;][vc_column width=\u00a0\u00bb1\/3&Prime;][vc_column_text] Vid\u00e9o de pr\u00e9sentation de la Cit\u00e9 de la Danse [\/vc_column_text][vc_column_text][\/vc_column_text][\/vc_column][vc_column width=\u00a0\u00bb2\/3&Prime;][vc_column_text] Sophie Foug\u00e8re-Darcy Comme sa m\u00e8re Dominique, Sophie a tr\u00e8s t\u00f4t la passion de la danse. Apr\u00e8s plusieurs stages avec de grands professeurs et ses cours quotidiens \u00e0 Saint-Junien et \u00e0 Limoges chez Claudy&hellip;<\/p>\n","protected":false},"author":1,"featured_media":0,"parent":0,"menu_order":0,"comment_status":"closed","ping_status":"closed","template":"","meta":{"footnotes":""},"_links":{"self":[{"href":"http:\/\/citedeladanse87.fr\/index.php?rest_route=\/wp\/v2\/pages\/7"}],"collection":[{"href":"http:\/\/citedeladanse87.fr\/index.php?rest_route=\/wp\/v2\/pages"}],"about":[{"href":"http:\/\/citedeladanse87.fr\/index.php?rest_route=\/wp\/v2\/types\/page"}],"author":[{"embeddable":true,"href":"http:\/\/citedeladanse87.fr\/index.php?rest_route=\/wp\/v2\/users\/1"}],"replies":[{"embeddable":true,"href":"http:\/\/citedeladanse87.fr\/index.php?rest_route=%2Fwp%2Fv2%2Fcomments&post=7"}],"version-history":[{"count":29,"href":"http:\/\/citedeladanse87.fr\/index.php?rest_route=\/wp\/v2\/pages\/7\/revisions"}],"predecessor-version":[{"id":2143,"href":"http:\/\/citedeladanse87.fr\/index.php?rest_route=\/wp\/v2\/pages\/7\/revisions\/2143"}],"wp:attachment":[{"href":"http:\/\/citedeladanse87.fr\/index.php?rest_route=%2Fwp%2Fv2%2Fmedia&parent=7"}],"curies":[{"name":"wp","href":"https:\/\/api.w.org\/{rel}","templated":true}]}}