{"id":36,"date":"2017-06-06T17:59:25","date_gmt":"2017-06-06T15:59:25","guid":{"rendered":"http:\/\/citedeladanse87.fr\/?page_id=36"},"modified":"2020-06-23T14:34:00","modified_gmt":"2020-06-23T12:34:00","slug":"reglement","status":"publish","type":"page","link":"http:\/\/citedeladanse87.fr\/?page_id=36","title":{"rendered":"R\u00e8glement"},"content":{"rendered":"<p>[vc_row][vc_column][vc_column_text]<\/p>\n<h3>ARTICLE 1 : Inscription<\/h3>\n<p>Le droit d&rsquo;inscription est de 12\u20ac pour l&rsquo;ann\u00e9e \u2013 Assurance comprise.<\/p>\n<h3>ARTICLE 2 : Discipline<\/h3>\n<p><strong>Comportement<\/strong> : L\u2019\u00c9l\u00e8ve doit \u00eatre respectueux envers le Professeur, les autres \u00c9l\u00e8ves et toute Personne fr\u00e9quentant l\u2019\u00c9tablissement sous peine d&rsquo;exclusion du cours.<br \/>\nPour les petits, pr\u00e9voir de se rendre aux toilettes avant le d\u00e9but du cours, le Professeur ne pouvant \u00e0 la fois, surveiller l\u2019\u00c9l\u00e8ve aux toilettes et ses camarades en cours de danse.<br \/>\nLes parents et ami(es) ne sont pas admis pendant les cours,<br \/>\nLe chewing-gum n&rsquo;est pas autoris\u00e9 pendant les cours.<br \/>\nLes portables doivent \u00eatre \u00e9teints.<br \/>\nIl est formellement interdit de fumer dans l&rsquo;\u00e9cole.<\/p>\n<p><strong>Assiduit\u00e9<\/strong> : Tout \u00c9l\u00e8ve se doit d&rsquo;assister r\u00e9guli\u00e8rement au cours, afin de progresser, et d&rsquo;\u00e9viter de freiner l&rsquo;\u00e9volution des autres.<\/p>\n<p><strong>Absence<\/strong> : Toute absence doit \u00eatre justifi\u00e9e aupr\u00e8s du Professeur, au plus tard, au d\u00e9but du cours suivant. Pour un travail soign\u00e9 et un spectacle de qualit\u00e9, les absences ne doivent \u00eatre qu&rsquo;exceptionnelles.<\/p>\n<p><strong>Ponctualit\u00e9<\/strong> : Chaque \u00c9l\u00e8ve doit \u00eatre pr\u00eat \u00e0 commencer les cours \u00e0 l&rsquo;heure exacte et en tenue correcte. Toutefois, il peut arriver exceptionnellement d&rsquo;\u00eatre en retard, l\u2019\u00c9l\u00e8ve devra, dans un 1er temps, s&rsquo;excuser aupr\u00e8s du Professeur puis int\u00e9grer le cours tr\u00e8s rapidement, sans en g\u00eaner le d\u00e9roulement. Le Professeur n&rsquo;est pas responsable de l\u2019\u00c9l\u00e8ve en dehors de ses heures de cours.<\/p>\n<p><strong>Tenue Vestimentaire<\/strong> :<\/p>\n<ul>\n<li>Danse Classique : Justaucorps et collants roses + chaussons roses de danse classique ou pointes suivant le niveau. Cheveux attach\u00e9s en chignon ou queue de cheval.<\/li>\n<li>Danse Jazz : Pieds nus ou p\u00e9dilles. V\u00eatements amples et de ville interdits.<\/li>\n<li>Hip-Hop : Baskets r\u00e9serv\u00e9es pour les cours \u00e0 l&rsquo;int\u00e9rieur.<\/li>\n<li>Eveil &#8211; Initiation : Legging + T-shirt &#8211; Pieds nus<\/li>\n<\/ul>\n<h3>ARTICLE 3 : R\u00e8glement<\/h3>\n<p>Le mode de r\u00e8glement est \u00e0 votre convenance, en esp\u00e8ces ou en ch\u00e8que.<\/p>\n<p>Vous disposez d&rsquo;un tarif \u00e0 la le\u00e7on ou d&rsquo;un tarif forfaitaire (mensuel du 1 au 31 ou trimestriel). Si vous choisissez le mode forfaitaire, le mois de septembre est obligatoirement mensuel et les autres mois sont obligatoirement \u00e0 r\u00e9gler en octobre.<\/p>\n<p>Les Personnes d&rsquo;une m\u00eame famille, et jusqu&rsquo;\u00e0 trois personnes, ont droit \u00e0 un tarif d\u00e9gressif. Les forfaits sont calcul\u00e9s sur l&rsquo;ensemble de l&rsquo;ann\u00e9e scolaire. Les jours f\u00e9ri\u00e9s et les vacances scolaires (Acad\u00e9mie de Limoges) en sont d\u00e9duits.<\/p>\n<p>Le mode de r\u00e8glement choisi \u00e0 l&rsquo;inscription sera d\u00e9finitif pour l&rsquo;ensemble de l&rsquo;ann\u00e9e scolaire. En cas d&rsquo;absence, les cours pourront \u00eatre rattrap\u00e9s. Toute ann\u00e9e commenc\u00e9e est due.<\/p>\n<p>En cas de crise sanitaire, sociale ou terroriste entrainant une fermeture administrative de l&rsquo;Ecole de danse, les cours seront rattrap\u00e9s. Dans cette impossibilit\u00e9, les r\u00e8glements d\u00e9j\u00e0 effectu\u00e9s seront report\u00e9s les mois suivants. Toute demande de remboursement sera refus\u00e9e.<\/p>\n<h3>ARTICLE 4 : Certificat m\u00e9dical<\/h3>\n<p>Un certificat m\u00e9dical est exig\u00e9 pour pratiquer les activit\u00e9s qui sont \u00e0 votre disposition. Toute personne contrevenant \u00e0 cet article en prend l&rsquo;enti\u00e8re disposition.<\/p>\n<h3>ARTICLE 5 : Prises de vue<\/h3>\n<p>Si vous ou votre enfant ne souhaitez pas \u00eatre pris en photo ou en vid\u00e9o, vous devez en faire part au Professeur par \u00e9crit car cela pourra poser un probl\u00e8me lors des repr\u00e9sentations de l\u2019\u00c9cole de Danse.[\/vc_column_text][\/vc_column][\/vc_row]<\/p>\n","protected":false},"excerpt":{"rendered":"<p>[vc_row][vc_column][vc_column_text] ARTICLE 1 : Inscription Le droit d&rsquo;inscription est de 12\u20ac pour l&rsquo;ann\u00e9e \u2013 Assurance comprise. ARTICLE 2 : Discipline Comportement : L\u2019\u00c9l\u00e8ve doit \u00eatre respectueux envers le Professeur, les autres \u00c9l\u00e8ves et toute Personne fr\u00e9quentant l\u2019\u00c9tablissement sous peine d&rsquo;exclusion du cours. Pour les petits, pr\u00e9voir de se rendre aux toilettes avant le d\u00e9but du&hellip;<\/p>\n","protected":false},"author":1,"featured_media":0,"parent":0,"menu_order":0,"comment_status":"closed","ping_status":"closed","template":"","meta":{"footnotes":""},"_links":{"self":[{"href":"http:\/\/citedeladanse87.fr\/index.php?rest_route=\/wp\/v2\/pages\/36"}],"collection":[{"href":"http:\/\/citedeladanse87.fr\/index.php?rest_route=\/wp\/v2\/pages"}],"about":[{"href":"http:\/\/citedeladanse87.fr\/index.php?rest_route=\/wp\/v2\/types\/page"}],"author":[{"embeddable":true,"href":"http:\/\/citedeladanse87.fr\/index.php?rest_route=\/wp\/v2\/users\/1"}],"replies":[{"embeddable":true,"href":"http:\/\/citedeladanse87.fr\/index.php?rest_route=%2Fwp%2Fv2%2Fcomments&post=36"}],"version-history":[{"count":5,"href":"http:\/\/citedeladanse87.fr\/index.php?rest_route=\/wp\/v2\/pages\/36\/revisions"}],"predecessor-version":[{"id":2035,"href":"http:\/\/citedeladanse87.fr\/index.php?rest_route=\/wp\/v2\/pages\/36\/revisions\/2035"}],"wp:attachment":[{"href":"http:\/\/citedeladanse87.fr\/index.php?rest_route=%2Fwp%2Fv2%2Fmedia&parent=36"}],"curies":[{"name":"wp","href":"https:\/\/api.w.org\/{rel}","templated":true}]}}